{"id":5754,"date":"2025-08-25T16:10:11","date_gmt":"2025-08-25T13:10:11","guid":{"rendered":"https:\/\/bitlisyildizotoekspertiz.com\/?page_id=5754"},"modified":"2025-08-27T13:43:14","modified_gmt":"2025-08-27T10:43:14","slug":"paketlerimiz","status":"publish","type":"page","link":"https:\/\/bitlisyildizotoekspertiz.com\/index.php\/paketlerimiz\/","title":{"rendered":"Paketlerimiz"},"content":{"rendered":"\t\t<div data-elementor-type=\"wp-page\" data-elementor-id=\"5754\" class=\"elementor elementor-5754\" data-elementor-post-type=\"page\">\n\t\t\t\t\r\n\r\n<div class=\"elementor-element elementor-element-010350a e-con-full e-flex e-con e-parent\" data-id=\"010350a\" data-element_type=\"container\">\n\t\t\t\t<div class=\"elementor-element elementor-element-b8c28d3 elementor-widget__width-inherit elementor-widget elementor-widget-html\" data-id=\"b8c28d3\" data-element_type=\"widget\" data-widget_type=\"html.default\">\n\t\t\t\t\t<!-- Font Awesome CDN (ikonlar i\u00e7in) -->\r\n<link rel=\"stylesheet\" href=\"https:\/\/cdnjs.cloudflare.com\/ajax\/libs\/font-awesome\/6.5.2\/css\/all.min.css\">\r\n\r\n<!-- Paketlerimiz B\u00f6l\u00fcm\u00fc -->\r\n<section class=\"paketler-section\">\r\n  <div class=\"paketler-container\">\r\n    <h2 class=\"paketler-title\">Paketlerimiz<\/h2>\r\n    <p class=\"paketler-subtitle\">Arac\u0131n\u0131z i\u00e7in en do\u011fru ekspertiz \u00e7\u00f6z\u00fcmleri. \u0130htiyac\u0131n\u0131za uygun paketlerden birini se\u00e7ebilirsiniz.<\/p>\r\n\r\n    <!-- Paket Kartlar\u0131 -->\r\n    <div class=\"paketler-grid\">\r\n      \r\n      <!-- Temel Paket -->\r\n      <div class=\"paket-card\">\r\n        <h3>Temel Paket<\/h3>\r\n        <ul>\r\n          <li><i class=\"fas fa-check-circle\"><\/i> Boya Kaporta Kontrolleri<\/li>\r\n          <li><i class=\"fas fa-check-circle\"><\/i> Motor Mekanik Kontroller<\/li>\r\n          <li><i class=\"fas fa-check-circle\"><\/i> Mekanik Alt Kontroller<\/li>\r\n          <li><i class=\"fas fa-check-circle\"><\/i> \u0130\u00e7 Kontroller<\/li>\r\n          <li><i class=\"fas fa-check-circle\"><\/i> D\u0131\u015f Kontroller<\/li>\r\n          <li><i class=\"fas fa-check-circle\"><\/i> DYNO Motor Performans Test Sonucu<\/li>\r\n        <\/ul>\r\n        <a href=\"tel:+0530 726 84 13\" class=\"paket-btn\">Bize Ula\u015f\u0131n \u2192<\/a>\r\n      <\/div>\r\n\r\n      <!-- Avantajl\u0131 Paket -->\r\n      <div class=\"paket-card\">\r\n        <h3>Avantajl\u0131 Paket<\/h3>\r\n        <ul>\r\n          <li><i class=\"fas fa-check-circle\"><\/i> Boya Kaporta Kontrolleri<\/li>\r\n          <li><i class=\"fas fa-check-circle\"><\/i> Motor Mekanik Kontroller<\/li>\r\n          <li><i class=\"fas fa-check-circle\"><\/i> Mekanik Alt Kontroller<\/li>\r\n          <li><i class=\"fas fa-check-circle\"><\/i> \u0130\u00e7 & D\u0131\u015f Kontroller<\/li>\r\n          <li><i class=\"fas fa-check-circle\"><\/i> OBD Kontrolleri<\/li>\r\n          <li><i class=\"fas fa-check-circle\"><\/i> DYNO Motor Performans Test Sonucu<\/li>\r\n          <li><i class=\"fas fa-check-circle\"><\/i> S\u00fcspansiyon Test Sonucu<\/li>\r\n          <li><i class=\"fas fa-check-circle\"><\/i> Fren Test Sonucu<\/li>\r\n          <li><i class=\"fas fa-check-circle\"><\/i> Yanal Kayma De\u011ferleri<\/li>\r\n        <\/ul>\r\n        <a href=\"tel:+90530 726 84 13\" class=\"paket-btn\">Bize Ula\u015f\u0131n \u2192<\/a>\r\n      <\/div>\r\n\r\n      <!-- Premium Paket -->\r\n      <div class=\"paket-card highlight\">\r\n        <h3>Premium Paket<\/h3>\r\n        <ul>\r\n          <li><i class=\"fas fa-check-circle\"><\/i> Boya Kaporta Kontrolleri<\/li>\r\n          <li><i class=\"fas fa-check-circle\"><\/i> Motor Mekanik Kontroller<\/li>\r\n          <li><i class=\"fas fa-check-circle\"><\/i> Mekanik Alt Kontroller<\/li>\r\n          <li><i class=\"fas fa-check-circle\"><\/i> \u0130\u00e7 & D\u0131\u015f Kontroller<\/li>\r\n          <li><i class=\"fas fa-check-circle\"><\/i> OBD Kontrolleri<\/li>\r\n          <li><i class=\"fas fa-check-circle\"><\/i> DYNO Motor Performans Test Sonucu<\/li>\r\n          <li><i class=\"fas fa-check-circle\"><\/i> S\u00fcspansiyon Test Sonucu<\/li>\r\n          <li><i class=\"fas fa-check-circle\"><\/i> Fren Test Sonucu<\/li>\r\n          <li><i class=\"fas fa-check-circle\"><\/i> Yanal Kayma De\u011ferleri<\/li>\r\n          <li><i class=\"fas fa-check-circle\"><\/i> Tramer Sorgusu<\/li>\r\n          <li><i class=\"fas fa-check-circle\"><\/i> Airbag Kontrolleri<\/li>\r\n        <\/ul>\r\n        <a href=\"tel:+90530 726 84 13\" class=\"paket-btn\">Bize Ula\u015f\u0131n \u2192<\/a>\r\n      <\/div>\r\n\r\n      <!-- \u0130lave Hizmetler -->\r\n      <div class=\"paket-card\">\r\n        <h3>\u0130lave Hizmetler<\/h3>\r\n        <ul>\r\n          <li><i class=\"fas fa-check-circle\"><\/i> OBD Cihaz Sorgulama<\/li>\r\n          <li><i class=\"fas fa-check-circle\"><\/i> Tramer \u2013 Km Sorgulama<\/li>\r\n          <li><i class=\"fas fa-check-circle\"><\/i> Tek Sorgulama<\/li>\r\n          <li><i class=\"fas fa-check-circle\"><\/i> Conta Yan\u0131k Testi<\/li>\r\n          <li><i class=\"fas fa-check-circle\"><\/i> Blok \u00c7atlak ve A\u015f\u0131nma Testi<\/li>\r\n          <li><i class=\"fas fa-check-circle\"><\/i> Airbag Testi<\/li>\r\n        <\/ul>\r\n        <a href=\"tel:+90530 726 84 13\" class=\"paket-btn\">Bize Ula\u015f\u0131n \u2192<\/a>\r\n      <\/div>\r\n\r\n    <\/div>\r\n  <\/div>\r\n<\/section>\r\n\r\n<!-- CSS -->\r\n<style>\r\n.paketler-section {\r\n  background: linear-gradient(to right, #0a0a0a, #1c1);\r\n  color: #fff;\r\n  padding: 80px 20px;\r\n  font-family: Arial, sans-serif;\r\n  text-align: center;\r\n}\r\n\r\n.paketler-title {\r\n  font-size: 2.5rem;\r\n  font-weight: bold;\r\n  margin-bottom: 10px;\r\n  color: #e63946;\r\n}\r\n\r\n.paketler-subtitle {\r\n  font-size: 1.1rem;\r\n  margin-bottom: 50px;\r\n  color: #ddd;\r\n}\r\n\r\n.paketler-grid {\r\n  display: grid;\r\n  grid-template-columns: repeat(auto-fit, minmax(250px, 1fr));\r\n  gap: 25px;\r\n}\r\n\r\n.paket-card {\r\n  background: #111;\r\n  border-radius: 15px;\r\n  padding: 30px;\r\n  box-shadow: 0 5px 15px rgba(255, 0, 0, 0.3);\r\n  transition: transform 0.3s ease, box-shadow 0.3s ease;\r\n  text-align: left;\r\n}\r\n\r\n.paket-card:hover {\r\n  transform: translateY(-10px);\r\n  box-shadow: 0 8px 20px rgba(255, 0, 0, 0.5);\r\n}\r\n\r\n.paket-card h3 {\r\n  font-size: 1.5rem;\r\n  margin-bottom: 20px;\r\n  color: #e63946;\r\n  text-align: center;\r\n}\r\n\r\n.paket-card ul {\r\n  margin: 0;\r\n  padding: 0;\r\n  list-style: none;\r\n}\r\n\r\n.paket-card ul li {\r\n  margin-bottom: 12px;\r\n  font-size: 1rem;\r\n}\r\n\r\n.paket-card ul li i {\r\n  color: #e63946;\r\n  margin-right: 8px;\r\n}\r\n\r\n.highlight {\r\n  border: 2px solid #e63946;\r\n  background: #1a1a1a;\r\n}\r\n\r\n.paket-btn {\r\n  display: block;\r\n  text-align: center;\r\n  background: #e63946;\r\n  color: white;\r\n  text-decoration: none;\r\n  border: none;\r\n  padding: 12px 20px;\r\n  margin: 25px auto 0;\r\n  border-radius: 8px;\r\n  cursor: pointer;\r\n  font-size: 1rem;\r\n  transition: background 0.3s ease;\r\n  width: fit-content;\r\n}\r\n\r\n.paket-btn:hover {\r\n  background: #ff4444;\r\n}\r\n<\/style>\r\n\t\t\t\t<\/div>\n\t\t\t\t<\/div>\n\t\t\t\t<\/div>\n\t\t","protected":false},"excerpt":{"rendered":"<p>Paketlerimiz Arac\u0131n\u0131z i\u00e7in en do\u011fru ekspertiz \u00e7\u00f6z\u00fcmleri. \u0130htiyac\u0131n\u0131za uygun paketlerden birini se\u00e7ebilirsiniz. Temel Paket Boya Kaporta Kontrolleri Motor Mekanik Kontroller Mekanik Alt Kontroller \u0130\u00e7 Kontroller D\u0131\u015f Kontroller DYNO Motor Performans Test Sonucu Bize Ula\u015f\u0131n \u2192 Avantajl\u0131 Paket Boya Kaporta Kontrolleri Motor Mekanik Kontroller Mekanik Alt Kontroller \u0130\u00e7 &#038; D\u0131\u015f Kontroller OBD Kontrolleri DYNO Motor Performans&#8230;<\/p>\n","protected":false},"author":1,"featured_media":0,"parent":0,"menu_order":0,"comment_status":"closed","ping_status":"closed","template":"","meta":{"footnotes":""},"class_list":["post-5754","page","type-page","status-publish","hentry"],"_links":{"self":[{"href":"https:\/\/bitlisyildizotoekspertiz.com\/index.php\/wp-json\/wp\/v2\/pages\/5754","targetHints":{"allow":["GET"]}}],"collection":[{"href":"https:\/\/bitlisyildizotoekspertiz.com\/index.php\/wp-json\/wp\/v2\/pages"}],"about":[{"href":"https:\/\/bitlisyildizotoekspertiz.com\/index.php\/wp-json\/wp\/v2\/types\/page"}],"author":[{"embeddable":true,"href":"https:\/\/bitlisyildizotoekspertiz.com\/index.php\/wp-json\/wp\/v2\/users\/1"}],"replies":[{"embeddable":true,"href":"https:\/\/bitlisyildizotoekspertiz.com\/index.php\/wp-json\/wp\/v2\/comments?post=5754"}],"version-history":[{"count":7,"href":"https:\/\/bitlisyildizotoekspertiz.com\/index.php\/wp-json\/wp\/v2\/pages\/5754\/revisions"}],"predecessor-version":[{"id":5924,"href":"https:\/\/bitlisyildizotoekspertiz.com\/index.php\/wp-json\/wp\/v2\/pages\/5754\/revisions\/5924"}],"wp:attachment":[{"href":"https:\/\/bitlisyildizotoekspertiz.com\/index.php\/wp-json\/wp\/v2\/media?parent=5754"}],"curies":[{"name":"wp","href":"https:\/\/api.w.org\/{rel}","templated":true}]}}