{"id":5740,"date":"2025-08-25T15:57:44","date_gmt":"2025-08-25T12:57:44","guid":{"rendered":"https:\/\/bitlisyildizotoekspertiz.com\/?page_id=5740"},"modified":"2025-08-27T13:16:19","modified_gmt":"2025-08-27T10:16:19","slug":"arac-analiz","status":"publish","type":"page","link":"https:\/\/bitlisyildizotoekspertiz.com\/index.php\/arac-analiz\/","title":{"rendered":"Ara\u00e7 Analiz"},"content":{"rendered":"\t\t<div data-elementor-type=\"wp-page\" data-elementor-id=\"5740\" class=\"elementor elementor-5740\" data-elementor-post-type=\"page\">\n\t\t\t\t\r\n\r\n<div class=\"elementor-element elementor-element-ff4e64e e-con-full e-flex e-con e-parent\" data-id=\"ff4e64e\" data-element_type=\"container\">\n\t\t\t\t<div class=\"elementor-element elementor-element-cd0f158 elementor-widget elementor-widget-html\" data-id=\"cd0f158\" data-element_type=\"widget\" data-widget_type=\"html.default\">\n\t\t\t\t\t<div class=\"km-section\">\r\n  <!-- Sol K\u0131s\u0131m -->\r\n  <div class=\"km-left\">\r\n    <img decoding=\"async\" src=\"https:\/\/bitlisyildizotoekspertiz.com\/wp-content\/uploads\/2025\/08\/OBD-Ariza-Tespiti.jpg\" class=\"km-img\">\r\n\r\n    <div class=\"km-box\">\r\n      <h3>ARA\u00c7 ANAL\u0130Z<\/h3>\r\n      <p>Bitlis Ara\u00e7 Analiz Hizmeti ile do\u011fru arac\u0131 se\u00e7in, g\u00fcvende kal\u0131n.<\/p>\r\n      <div class=\"km-buttons\">\r\n        <a href=\"#\" class=\"btn-outline\">Hizmetleri \u0130nceleyin<\/a>\r\n        <a href=\"tel:+905307268413\" class=\"btn-red\">Bize Ula\u015f\u0131n<\/a>\r\n      <\/div>\r\n    <\/div>\r\n  <\/div>\r\n\r\n  <!-- Sa\u011f K\u0131s\u0131m -->\r\n  <div class=\"km-right\">\r\n    <h2>Bitlis Ara\u00e7 Analiz Hizmeti ile Do\u011fru Arac\u0131 Se\u00e7in, G\u00fcvende Kal\u0131n<\/h2>\r\n    \r\n    <p>\r\n      Ara\u00e7 sat\u0131n almak, bir\u00e7ok ki\u015fi i\u00e7in heyecan verici oldu\u011fu kadar riskli bir s\u00fcre\u00e7tir. \u00d6zellikle ikinci el ara\u00e7 piyasas\u0131nda, g\u00f6r\u00fcnmeyen detaylar b\u00fcy\u00fck problemlere yol a\u00e7abilir. Bu nedenle al\u0131m-sat\u0131m i\u015flemlerinde teknik a\u00e7\u0131dan detayl\u0131 bir de\u011ferlendirme yap\u0131lmas\u0131 \u015fartt\u0131r. Tam da bu noktada <strong>Bitlis Ara\u00e7 Analiz<\/strong> hizmeti, s\u00fcr\u00fcc\u00fcler i\u00e7in vazge\u00e7ilmez bir g\u00fcvence sunar.\r\n    <\/p>\r\n\r\n    <p>\r\n      Bitlis Ara\u00e7 Analiz, yaln\u0131zca d\u0131\u015f g\u00f6r\u00fcn\u00fc\u015fe de\u011fil, motor, y\u00fcr\u00fcr aksam, fren sistemi, elektronik donan\u0131m, airbag durumu, boya ve kaporta gibi kritik noktalara odaklan\u0131r. B\u00f6ylece almay\u0131 planlad\u0131\u011f\u0131n\u0131z arac\u0131n ger\u00e7ek durumu, detayl\u0131 ve tarafs\u0131z bir \u015fekilde ortaya konulur.\r\n    <\/p>\r\n\r\n    <h3>Ara\u00e7 Sat\u0131n Al\u0131rken Neden Bitlis Ara\u00e7 Analiz \u015eart?<\/h3>\r\n    <p>\r\n      \u0130kinci el ara\u00e7 pazar\u0131nda kar\u015f\u0131la\u015f\u0131lan en b\u00fcy\u00fck sorun, arac\u0131n ge\u00e7mi\u015fi hakk\u0131nda yeterli bilgiye sahip olunamamas\u0131d\u0131r. Kimi zaman sat\u0131c\u0131lar arac\u0131n kaza yapt\u0131\u011f\u0131n\u0131 gizler, bazen de bilin\u00e7sizce al\u0131m yap\u0131l\u0131r. Ancak Bitlis Ara\u00e7 Analiz sayesinde t\u00fcm bu bilinmezlikler ortadan kalkar.\r\n    <\/p>\r\n\r\n    <ul>\r\n      <li>De\u011fi\u015fen par\u00e7a bilgisi<\/li>\r\n      <li>Boya yap\u0131lan b\u00f6lgeler<\/li>\r\n      <li>Motorun performans durumu<\/li>\r\n      <li>Fren sisteminin i\u015flevselli\u011fi<\/li>\r\n      <li>Elektronik sistemlerin \u00e7al\u0131\u015f\u0131rl\u0131\u011f\u0131<\/li>\r\n      <li>Airbag kontrol durumu<\/li>\r\n      <li>S\u00fcspansiyon ve y\u00fcr\u00fcr aksam kontrol\u00fc<\/li>\r\n    <\/ul>\r\n\r\n    <h3>Bitlis Ara\u00e7 Analiz Hizmeti Neleri Kapsar?<\/h3>\r\n    <p>\r\n      Modern teknolojilerle donat\u0131lm\u0131\u015f ara\u00e7 analiz merkezlerinde, her marka ve model ara\u00e7 i\u00e7in \u00f6zel analiz programlar\u0131 uygulan\u0131r. Bitlis\u2019te bu hizmeti sunan profesyonel i\u015fletmeler, h\u0131zl\u0131 ve tarafs\u0131z bir yakla\u015f\u0131m benimseyerek kullan\u0131c\u0131ya zaman ve g\u00fcven kazand\u0131r\u0131r.\r\n    <\/p>\r\n\r\n    <p><strong>Uygulanan temel kontroller \u015funlard\u0131r:<\/strong><\/p>\r\n    <ul>\r\n      <li>Dyno testi ile motor g\u00fcc\u00fc \u00f6l\u00e7\u00fcm\u00fc<\/li>\r\n      <li>Fren testleri ve frenleme verimlili\u011fi<\/li>\r\n      <li>S\u00fcspansiyon kontrol\u00fc<\/li>\r\n      <li>Kaporta-boya kal\u0131nl\u0131k \u00f6l\u00e7\u00fcm\u00fc<\/li>\r\n      <li>De\u011fi\u015fen ve i\u015flem g\u00f6rm\u00fc\u015f par\u00e7a tespiti<\/li>\r\n      <li>Elektronik sistem taramalar\u0131 (airbag, ABS, ESP vb.)<\/li>\r\n      <li>OBD cihaz\u0131 ile beyin ar\u0131za tespiti<\/li>\r\n    <\/ul>\r\n\r\n    <p>\r\n      Bu testlerin tamam\u0131 cihaz destekli olarak yap\u0131l\u0131r ve sonu\u00e7lar hem yaz\u0131l\u0131 hem de dijital ortamda raporlan\u0131r. B\u00f6ylece al\u0131c\u0131lar sat\u0131n alacaklar\u0131 ara\u00e7 hakk\u0131nda t\u00fcm teknik bilgileri eksiksiz \u015fekilde \u00f6\u011frenmi\u015f olur.\r\n    <\/p>\r\n\r\n    <h3>Bitlis Ara\u00e7 Analiz ile Yat\u0131r\u0131m\u0131n\u0131z\u0131 G\u00fcvence Alt\u0131na Al\u0131n<\/h3>\r\n    <p>\r\n      Ara\u00e7 almak, uzun vadeli bir yat\u0131r\u0131md\u0131r. Bu yat\u0131r\u0131m\u0131n kar\u015f\u0131l\u0131\u011f\u0131n\u0131 en verimli \u015fekilde alabilmek i\u00e7in do\u011fru tercihler yap\u0131lmal\u0131d\u0131r. Bu nedenle Bitlis Ara\u00e7 Analiz hizmeti, yaln\u0131zca bireysel kullan\u0131c\u0131lar i\u00e7in de\u011fil; oto galericiler, ara\u00e7 kiralama firmalar\u0131 ve filo y\u00f6neticileri i\u00e7in de vazge\u00e7ilmezdir.\r\n    <\/p>\r\n\r\n    <p>\r\n      \u00d6zellikle ticari ama\u00e7la al\u0131nacak ara\u00e7lar\u0131n, g\u00fcnl\u00fck yo\u011fun kullan\u0131m \u015fartlar\u0131na uygunlu\u011fu analiz edilmeden al\u0131m yap\u0131lmas\u0131 b\u00fcy\u00fck kay\u0131plara yol a\u00e7abilir. Bitlis Ara\u00e7 Analiz, arac\u0131n sadece bug\u00fcnk\u00fc de\u011fil, gelecekteki olas\u0131 sorunlar\u0131 hakk\u0131nda da \u00f6n bilgi verir. B\u00f6ylece kullan\u0131c\u0131lar, bak\u0131m ve onar\u0131m maliyetlerini \u00f6nceden tahmin ederek bilin\u00e7li yat\u0131r\u0131m yapabilir.\r\n    <\/p>\r\n\r\n    <h3>G\u00fcvenilir Al\u0131\u015fveri\u015fin Anahtar\u0131: Bitlis Ara\u00e7 Analiz<\/h3>\r\n    <p>\r\n      Ara\u00e7 ticaretinde en \u00e7ok sorun ya\u015fanan konulardan biri g\u00fcven eksikli\u011fidir. Sat\u0131c\u0131 ve al\u0131c\u0131 aras\u0131ndaki bilgi dengesizli\u011fi \u00e7o\u011fu zaman sorunlara neden olur. \u0130\u015fte tam bu a\u015famada Bitlis Ara\u00e7 Analiz devreye girer ve her iki taraf i\u00e7in de \u015feffaf bir tablo sunar.\r\n    <\/p>\r\n\r\n    <p>\r\n      Bir analiz raporu, sadece bir belge de\u011fil; ayn\u0131 zamanda bir garanti gibidir. Raporu g\u00f6ren al\u0131c\u0131, g\u00f6n\u00fcl rahatl\u0131\u011f\u0131yla karar verirken, sat\u0131c\u0131 da d\u00fcr\u00fcstl\u00fc\u011f\u00fcn\u00fc belgeler. Bu durum, ikinci el ara\u00e7 piyasas\u0131nda kar\u015f\u0131l\u0131kl\u0131 g\u00fcvenin olu\u015fmas\u0131n\u0131 sa\u011flar.\r\n    <\/p>\r\n\r\n    <h3>Ara\u00e7 Almadan \u00d6nce Son Durakta: Bitlis Ara\u00e7 Analiz<\/h3>\r\n    <p>\r\n      S\u00fcr\u00fcc\u00fcler i\u00e7in can ve mal g\u00fcvenli\u011fi her \u015feyden \u00f6nce gelir. Bu g\u00fcvenli\u011fi sa\u011flamak i\u00e7in arac\u0131n her par\u00e7as\u0131 do\u011fru \u00e7al\u0131\u015fmal\u0131, teknik kontroller eksiksiz yap\u0131lmal\u0131d\u0131r. Bu y\u00fczden ara\u00e7 almadan \u00f6nce mutlaka Bitlis Ara\u00e7 Analiz hizmetinden faydalan\u0131lmal\u0131d\u0131r.\r\n    <\/p>\r\n\r\n    <p>\r\n      Unutmay\u0131n, bir ara\u00e7 d\u0131\u015far\u0131dan ne kadar iyi g\u00f6r\u00fcn\u00fcrse g\u00f6r\u00fcns\u00fcn, \u00f6nemli olan i\u00e7indeki mekanizman\u0131n sa\u011flaml\u0131\u011f\u0131d\u0131r. Bu mekanizmay\u0131 de\u011ferlendirmenin en do\u011fru ve g\u00fcvenilir yolu ise profesyonel bir ara\u00e7 analiz hizmetinden ge\u00e7mektedir.\r\n    <\/p>\r\n  <\/div>\r\n<\/div>\r\n<style>\r\n.km-section {\r\n  display: grid;\r\n  grid-template-columns: 1fr 1fr;\r\n  gap: 30px;\r\n  max-width: 1200px;\r\n  margin: 40px auto;\r\n  padding: 20px;\r\n  font-family: Arial, sans-serif;\r\n  color: #222;\r\n}\r\n\r\n.km-left {\r\n  display: flex;\r\n  flex-direction: column;\r\n  gap: 20px;\r\n}\r\n\r\n.km-img {\r\n  width: 100%;\r\n  border-radius: 10px;\r\n}\r\n\r\n.km-box {\r\n  border: 1px solid #ddd;\r\n  padding: 20px;\r\n  border-radius: 10px;\r\n  background: #fff;\r\n  box-shadow: 0 4px 10px rgba(0,0,0,0.05);\r\n}\r\n\r\n.km-box h3 {\r\n  font-size: 18px;\r\n  font-weight: bold;\r\n  margin-bottom: 10px;\r\n}\r\n\r\n.km-box p {\r\n  margin-bottom: 15px;\r\n  font-size: 14px;\r\n  color: #444;\r\n}\r\n\r\n.km-buttons {\r\n  display: flex;\r\n  gap: 10px;\r\n  flex-wrap: wrap;\r\n}\r\n\r\n.btn-outline {\r\n  border: 1px solid #222;\r\n  padding: 8px 16px;\r\n  border-radius: 6px;\r\n  text-decoration: none;\r\n  color: #222;\r\n  font-size: 14px;\r\n  transition: 0.3s;\r\n}\r\n\r\n.btn-outline:hover {\r\n  background: #222;\r\n  color: #fff;\r\n}\r\n\r\n.btn-red {\r\n  background: #b60000;\r\n  color: #fff;\r\n  padding: 8px 16px;\r\n  border-radius: 6px;\r\n  text-decoration: none;\r\n  font-size: 14px;\r\n  transition: 0.3s;\r\n}\r\n\r\n.btn-red:hover {\r\n  background: #900000;\r\n}\r\n\r\n\/* Sa\u011f K\u0131s\u0131m *\/\r\n.km-right h2 {\r\n  font-size: 24px;\r\n  margin-bottom: 15px;\r\n}\r\n\r\n.km-right h3 {\r\n  margin-top: 25px;\r\n  margin-bottom: 12px;\r\n  font-size: 18px;\r\n}\r\n\r\n.km-right p {\r\n  font-size: 15px;\r\n  margin-bottom: 15px;\r\n  line-height: 1.6;\r\n}\r\n\r\n.km-right ul {\r\n  padding-left: 20px;\r\n}\r\n\r\n.km-right ul li {\r\n  margin-bottom: 8px;\r\n  font-size: 14.5px;\r\n}\r\n\r\n\/* RESPONSIVE *\/\r\n@media (max-width: 992px) {\r\n  .km-section {\r\n    grid-template-columns: 1fr;\r\n  }\r\n}\r\n<\/style>\t\t\t\t<\/div>\n\t\t\t\t<\/div>\n\t\t\t\t<\/div>\n\t\t","protected":false},"excerpt":{"rendered":"<p>ARA\u00c7 ANAL\u0130Z Bitlis Ara\u00e7 Analiz Hizmeti ile do\u011fru arac\u0131 se\u00e7in, g\u00fcvende kal\u0131n. Hizmetleri \u0130nceleyin Bize Ula\u015f\u0131n Bitlis Ara\u00e7 Analiz Hizmeti ile Do\u011fru Arac\u0131 Se\u00e7in, G\u00fcvende Kal\u0131n Ara\u00e7 sat\u0131n almak, bir\u00e7ok ki\u015fi i\u00e7in heyecan verici oldu\u011fu kadar riskli bir s\u00fcre\u00e7tir. \u00d6zellikle ikinci el ara\u00e7 piyasas\u0131nda, g\u00f6r\u00fcnmeyen detaylar b\u00fcy\u00fck problemlere yol a\u00e7abilir. Bu nedenle al\u0131m-sat\u0131m i\u015flemlerinde teknik&#8230;<\/p>\n","protected":false},"author":1,"featured_media":0,"parent":0,"menu_order":0,"comment_status":"closed","ping_status":"closed","template":"","meta":{"footnotes":""},"class_list":["post-5740","page","type-page","status-publish","hentry"],"_links":{"self":[{"href":"https:\/\/bitlisyildizotoekspertiz.com\/index.php\/wp-json\/wp\/v2\/pages\/5740","targetHints":{"allow":["GET"]}}],"collection":[{"href":"https:\/\/bitlisyildizotoekspertiz.com\/index.php\/wp-json\/wp\/v2\/pages"}],"about":[{"href":"https:\/\/bitlisyildizotoekspertiz.com\/index.php\/wp-json\/wp\/v2\/types\/page"}],"author":[{"embeddable":true,"href":"https:\/\/bitlisyildizotoekspertiz.com\/index.php\/wp-json\/wp\/v2\/users\/1"}],"replies":[{"embeddable":true,"href":"https:\/\/bitlisyildizotoekspertiz.com\/index.php\/wp-json\/wp\/v2\/comments?post=5740"}],"version-history":[{"count":4,"href":"https:\/\/bitlisyildizotoekspertiz.com\/index.php\/wp-json\/wp\/v2\/pages\/5740\/revisions"}],"predecessor-version":[{"id":5914,"href":"https:\/\/bitlisyildizotoekspertiz.com\/index.php\/wp-json\/wp\/v2\/pages\/5740\/revisions\/5914"}],"wp:attachment":[{"href":"https:\/\/bitlisyildizotoekspertiz.com\/index.php\/wp-json\/wp\/v2\/media?parent=5740"}],"curies":[{"name":"wp","href":"https:\/\/api.w.org\/{rel}","templated":true}]}}