{"id":5732,"date":"2025-08-25T15:54:30","date_gmt":"2025-08-25T12:54:30","guid":{"rendered":"https:\/\/bitlisyildizotoekspertiz.com\/?page_id=5732"},"modified":"2025-08-27T13:05:52","modified_gmt":"2025-08-27T10:05:52","slug":"oto-tamir","status":"publish","type":"page","link":"https:\/\/bitlisyildizotoekspertiz.com\/index.php\/oto-tamir\/","title":{"rendered":"Oto Tamir"},"content":{"rendered":"\t\t<div data-elementor-type=\"wp-page\" data-elementor-id=\"5732\" class=\"elementor elementor-5732\" data-elementor-post-type=\"page\">\n\t\t\t\t\r\n\r\n<div class=\"elementor-element elementor-element-a810f14 e-con-full e-flex e-con e-parent\" data-id=\"a810f14\" data-element_type=\"container\">\n\t\t\t\t<div class=\"elementor-element elementor-element-0c5589e elementor-widget elementor-widget-html\" data-id=\"0c5589e\" data-element_type=\"widget\" data-widget_type=\"html.default\">\n\t\t\t\t\t<div class=\"km-section\">\r\n  <!-- Sol K\u0131s\u0131m -->\r\n  <div class=\"km-left\">\r\n    <img decoding=\"async\" src=\"https:\/\/bitlisyildizotoekspertiz.com\/wp-content\/uploads\/2025\/08\/OBD-Ariza-Tespiti.jpg\" class=\"km-img\">\r\n\r\n    <div class=\"km-box\">\r\n      <h3>OTO TAM\u0130R H\u0130ZMETLER\u0130<\/h3>\r\n      <p>Arac\u0131n\u0131z i\u00e7in g\u00fcvenli eller: Y\u0131ld\u0131z Oto Ekspertiz ile Bitlis\u2019te uzman oto tamir \u00e7\u00f6z\u00fcmleri.<\/p>\r\n      <div class=\"km-buttons\">\r\n        <a href=\"#\" class=\"btn-outline\">Hizmetleri \u0130nceleyin<\/a>\r\n        <a href=\"tel:+905307268413\" class=\"btn-red\">Bize Ula\u015f\u0131n<\/a>\r\n      <\/div>\r\n    <\/div>\r\n  <\/div>\r\n\r\n  <!-- Sa\u011f K\u0131s\u0131m -->\r\n  <div class=\"km-right\">\r\n    <h2>Arac\u0131n\u0131z \u0130\u00e7in G\u00fcvenli Eller: Bitlis Oto Tamir Hizmetlerinde Uzman Yakla\u015f\u0131m<\/h2>\r\n    \r\n    <p>\r\n      Her ara\u00e7 kullan\u0131c\u0131s\u0131 i\u00e7in en \u00f6nemli beklenti, arac\u0131n\u0131n sorunsuz ve g\u00fcvenli bir \u015fekilde \u00e7al\u0131\u015fmas\u0131d\u0131r. Ancak zamanla ya\u015fanan y\u0131pranmalar, ar\u0131zalar ve d\u0131\u015f etkenler, arac\u0131n performans\u0131n\u0131 olumsuz etkileyebilir. Bu gibi durumlarda h\u0131zl\u0131, g\u00fcvenilir ve profesyonel bir tamir hizmetine ihtiya\u00e7 duyulur. Tam da bu noktada <strong>Y\u0131ld\u0131z Oto Ekspertiz<\/strong>, Bitlis Oto Tamir hizmetleriyle s\u00fcr\u00fcc\u00fclere en do\u011fru \u00e7\u00f6z\u00fcmleri sunar.\r\n    <\/p>\r\n\r\n    <p>\r\n      Bitlis Oto Tamir, yaln\u0131zca mekanik bir m\u00fcdahale de\u011fil; ayn\u0131 zamanda arac\u0131n performans\u0131n\u0131, g\u00fcvenli\u011fini ve \u00f6mr\u00fcn\u00fc art\u0131ran kapsaml\u0131 bir bak\u0131m s\u00fcrecidir. Motor sorunlar\u0131ndan fren sistemlerine, s\u00fcspansiyondan elektronik donan\u0131ma kadar bir\u00e7ok noktada uzman \u00e7\u00f6z\u00fcmler sunan bu hizmet, Bitlis'te ara\u00e7 sahiplerinin en \u00e7ok tercih etti\u011fi teknik desteklerin ba\u015f\u0131nda gelir.\r\n    <\/p>\r\n\r\n    <h3>Bitlis Oto Tamir Hizmetlerinde Neler Yap\u0131l\u0131r?<\/h3>\r\n    <p>\r\n      Bir oto tamir s\u00fcreci yaln\u0131zca ar\u0131zan\u0131n giderilmesiyle s\u0131n\u0131rl\u0131 de\u011fildir. As\u0131l \u00f6nemli olan, sorunun kayna\u011f\u0131n\u0131 do\u011fru analiz edip kal\u0131c\u0131 \u00e7\u00f6z\u00fcm \u00fcretmektir. Y\u0131ld\u0131z Oto Ekspertiz b\u00fcnyesinde yap\u0131lan i\u015flemler; ar\u0131za tespiti, par\u00e7a de\u011fi\u015fimi, yaz\u0131l\u0131m g\u00fcncellemeleri, bak\u0131m uygulamalar\u0131 ve test s\u00fcr\u00fc\u015fleri gibi bir\u00e7ok a\u015famay\u0131 kapsar.\r\n    <\/p>\r\n\r\n    <ul>\r\n      <li>Motor tamiri ve performans iyile\u015ftirme<\/li>\r\n      <li>Fren sistemi onar\u0131m\u0131 ve balata de\u011fi\u015fimi<\/li>\r\n      <li>\u015eanz\u0131man ar\u0131zalar\u0131n\u0131n giderilmesi<\/li>\r\n      <li>Elektrik ve elektronik sistem tamirleri<\/li>\r\n      <li>Rot, aks ve s\u00fcspansiyon kontrolleri<\/li>\r\n      <li>Debriyaj de\u011fi\u015fimi ve ayar\u0131<\/li>\r\n      <li>Egzoz sistemleri bak\u0131m\u0131<\/li>\r\n      <li>Ara\u00e7 i\u00e7i donan\u0131m ve multimedya sistem tamiri<\/li>\r\n    <\/ul>\r\n\r\n    <p>\r\n      Bu hizmetler sayesinde ara\u00e7 sadece tamir edilmez, ayn\u0131 zamanda yeniden eski performans\u0131na kavu\u015fturulur. \u00d6zellikle uzun yolculuklar \u00f6ncesinde Y\u0131ld\u0131z Oto Ekspertiz\u2019in oto tamir hizmetinden yararlanmak, olas\u0131 sorunlar\u0131 \u00f6nceden tespit ederek s\u00fcr\u00fc\u015f g\u00fcvenli\u011fini garanti alt\u0131na al\u0131r.\r\n    <\/p>\r\n\r\n    <h3>Neden Y\u0131ld\u0131z Oto Ekspertiz Oto Tamir Hizmeti?<\/h3>\r\n    <p>\r\n      Arac\u0131n\u0131zda meydana gelen her ar\u0131za, sadece mevcut sorunu de\u011fil, zincirleme ba\u015fka problemlerin de habercisi olabilir. Bu nedenle k\u00fc\u00e7\u00fck gibi g\u00f6r\u00fcnen bir ses, titre\u015fim ya da performans d\u00fc\u015f\u00fckl\u00fc\u011f\u00fc mutlaka uzmanlar taraf\u0131ndan incelenmelidir. Y\u0131ld\u0131z Oto Ekspertiz, zaman\u0131nda m\u00fcdahale ile b\u00fcy\u00fck sorunlar\u0131n \u00f6n\u00fcne ge\u00e7er.\r\n    <\/p>\r\n\r\n    <p>\r\n      \u00d6zellikle Bitlis gibi de\u011fi\u015fken hava ko\u015fullar\u0131n\u0131n ya\u015fand\u0131\u011f\u0131 bir \u015fehirde, ara\u00e7lar\u0131n sistemleri daha fazla zorlan\u0131r. So\u011fuk hava, ani s\u0131cakl\u0131k de\u011fi\u015fimleri, zorlu yol ko\u015fullar\u0131 gibi etkenler arac\u0131n motorundan frenlerine kadar bir\u00e7ok par\u00e7as\u0131n\u0131 etkiler. Bu y\u00fczden d\u00fczenli olarak Y\u0131ld\u0131z Oto Ekspertiz oto tamir servislerinden destek almak, uzun vadede hem b\u00fct\u00e7eyi hem de arac\u0131 korur.\r\n    <\/p>\r\n\r\n    <h3>Uzman Kadro ve Teknolojik Donan\u0131m<\/h3>\r\n    <p>\r\n      G\u00fcn\u00fcm\u00fcz ara\u00e7lar\u0131, art\u0131k sadece mekanik par\u00e7alardan de\u011fil, karma\u015f\u0131k elektronik sistemlerden de olu\u015fmaktad\u0131r. Bu nedenle ara\u00e7lar\u0131n tamirinde kullan\u0131lan ekipmanlar\u0131n ve teknisyen bilgisinin g\u00fcncel olmas\u0131 b\u00fcy\u00fck \u00f6nem ta\u015f\u0131r. Y\u0131ld\u0131z Oto Ekspertiz merkezlerinde hem yeni nesil ar\u0131za tespit cihazlar\u0131 kullan\u0131l\u0131r hem de e\u011fitimli personel taraf\u0131ndan t\u00fcm i\u015flemler titizlikle ger\u00e7ekle\u015ftirilir.\r\n    <\/p>\r\n\r\n    <p>\r\n      Ayr\u0131ca bilgisayarl\u0131 ar\u0131za tespit sistemleri sayesinde hatalar k\u0131sa s\u00fcrede saptan\u0131r ve zaman kayb\u0131 ya\u015fanmadan tamirat s\u00fcreci ba\u015flat\u0131l\u0131r. Bu da s\u00fcr\u00fcc\u00fclere hem vakit hem de maliyet avantaj\u0131 sa\u011flar.\r\n    <\/p>\r\n\r\n    <h3>S\u00fcr\u00fc\u015f Keyfinizi Ertelemeyin<\/h3>\r\n    <p>\r\n      Hi\u00e7bir s\u00fcr\u00fcc\u00fc yolda kalmak istemez. Ancak arac\u0131n d\u00fczenli bak\u0131m\u0131 yap\u0131lmazsa ya da olu\u015fan ar\u0131zalar zaman\u0131nda giderilmezse, bu ka\u00e7\u0131n\u0131lmaz bir durum h\u00e2line gelir. Bu nedenle s\u00fcr\u00fc\u015f g\u00fcvenli\u011finiz i\u00e7in mutlaka periyodik kontrollerinizi yapt\u0131rmal\u0131 ve ihtiya\u00e7 duydu\u011funuz anda Y\u0131ld\u0131z Oto Ekspertiz oto tamir merkezlerinden destek almal\u0131s\u0131n\u0131z.\r\n    <\/p>\r\n\r\n    <h3>Arac\u0131n\u0131za De\u011fer Katmak Sizin Elinizde<\/h3>\r\n    <p>\r\n      Arac\u0131n\u0131z, sadece bir ula\u015f\u0131m arac\u0131 de\u011fil; ayn\u0131 zamanda b\u00fcy\u00fck bir yat\u0131r\u0131md\u0131r. Bu yat\u0131r\u0131m\u0131 korumak i\u00e7in d\u00fczenli bak\u0131m ve do\u011fru tamir hizmetlerine y\u00f6nelmek gerekir. Y\u0131ld\u0131z Oto Ekspertiz oto tamir hizmetleri ile arac\u0131n\u0131z\u0131 hem bug\u00fcne hem de gelece\u011fe haz\u0131rlayabilirsiniz.\r\n    <\/p>\r\n\r\n    <p>\r\n      Unutmay\u0131n, zaman\u0131nda yap\u0131lan bir tamir i\u015flemi, ileride ortaya \u00e7\u0131kabilecek b\u00fcy\u00fck masraflar\u0131n \u00f6n\u00fcne ge\u00e7er. G\u00fcvenli, konforlu ve ekonomik bir s\u00fcr\u00fc\u015f i\u00e7in Bitlis\u2019te profesyonel oto tamir hizmetleri i\u00e7in <strong>Y\u0131ld\u0131z Oto Ekspertiz<\/strong>\u2019i tercih edin.\r\n    <\/p>\r\n  <\/div>\r\n<\/div>\r\n<style>\r\n.km-section {\r\n  display: grid;\r\n  grid-template-columns: 1fr 1fr;\r\n  gap: 30px;\r\n  max-width: 1200px;\r\n  margin: 40px auto;\r\n  padding: 20px;\r\n  font-family: Arial, sans-serif;\r\n  color: #222;\r\n}\r\n\r\n.km-left {\r\n  display: flex;\r\n  flex-direction: column;\r\n  gap: 20px;\r\n}\r\n\r\n.km-img {\r\n  width: 100%;\r\n  border-radius: 10px;\r\n}\r\n\r\n.km-box {\r\n  border: 1px solid #ddd;\r\n  padding: 20px;\r\n  border-radius: 10px;\r\n  background: #fff;\r\n  box-shadow: 0 4px 10px rgba(0,0,0,0.05);\r\n}\r\n\r\n.km-box h3 {\r\n  font-size: 18px;\r\n  font-weight: bold;\r\n  margin-bottom: 10px;\r\n}\r\n\r\n.km-box p {\r\n  margin-bottom: 15px;\r\n  font-size: 14px;\r\n  color: #444;\r\n}\r\n\r\n.km-buttons {\r\n  display: flex;\r\n  gap: 10px;\r\n  flex-wrap: wrap;\r\n}\r\n\r\n.btn-outline {\r\n  border: 1px solid #222;\r\n  padding: 8px 16px;\r\n  border-radius: 6px;\r\n  text-decoration: none;\r\n  color: #222;\r\n  font-size: 14px;\r\n  transition: 0.3s;\r\n}\r\n\r\n.btn-outline:hover {\r\n  background: #222;\r\n  color: #fff;\r\n}\r\n\r\n.btn-red {\r\n  background: #b60000;\r\n  color: #fff;\r\n  padding: 8px 16px;\r\n  border-radius: 6px;\r\n  text-decoration: none;\r\n  font-size: 14px;\r\n  transition: 0.3s;\r\n}\r\n\r\n.btn-red:hover {\r\n  background: #900000;\r\n}\r\n\r\n\/* Sa\u011f K\u0131s\u0131m *\/\r\n.km-right h2 {\r\n  font-size: 24px;\r\n  margin-bottom: 15px;\r\n}\r\n\r\n.km-right h3 {\r\n  margin-top: 25px;\r\n  margin-bottom: 12px;\r\n  font-size: 18px;\r\n}\r\n\r\n.km-right p {\r\n  font-size: 15px;\r\n  margin-bottom: 15px;\r\n  line-height: 1.6;\r\n}\r\n\r\n.km-right ul {\r\n  padding-left: 20px;\r\n}\r\n\r\n.km-right ul li {\r\n  margin-bottom: 8px;\r\n  font-size: 14.5px;\r\n}\r\n\r\n\/* RESPONSIVE *\/\r\n@media (max-width: 992px) {\r\n  .km-section {\r\n    grid-template-columns: 1fr;\r\n  }\r\n}\r\n<\/style>\t\t\t\t<\/div>\n\t\t\t\t<\/div>\n\t\t\t\t<\/div>\n\t\t","protected":false},"excerpt":{"rendered":"<p>OTO TAM\u0130R H\u0130ZMETLER\u0130 Arac\u0131n\u0131z i\u00e7in g\u00fcvenli eller: Y\u0131ld\u0131z Oto Ekspertiz ile Bitlis\u2019te uzman oto tamir \u00e7\u00f6z\u00fcmleri. Hizmetleri \u0130nceleyin Bize Ula\u015f\u0131n Arac\u0131n\u0131z \u0130\u00e7in G\u00fcvenli Eller: Bitlis Oto Tamir Hizmetlerinde Uzman Yakla\u015f\u0131m Her ara\u00e7 kullan\u0131c\u0131s\u0131 i\u00e7in en \u00f6nemli beklenti, arac\u0131n\u0131n sorunsuz ve g\u00fcvenli bir \u015fekilde \u00e7al\u0131\u015fmas\u0131d\u0131r. Ancak zamanla ya\u015fanan y\u0131pranmalar, ar\u0131zalar ve d\u0131\u015f etkenler, arac\u0131n performans\u0131n\u0131 olumsuz&#8230;<\/p>\n","protected":false},"author":1,"featured_media":0,"parent":0,"menu_order":0,"comment_status":"closed","ping_status":"closed","template":"","meta":{"footnotes":""},"class_list":["post-5732","page","type-page","status-publish","hentry"],"_links":{"self":[{"href":"https:\/\/bitlisyildizotoekspertiz.com\/index.php\/wp-json\/wp\/v2\/pages\/5732","targetHints":{"allow":["GET"]}}],"collection":[{"href":"https:\/\/bitlisyildizotoekspertiz.com\/index.php\/wp-json\/wp\/v2\/pages"}],"about":[{"href":"https:\/\/bitlisyildizotoekspertiz.com\/index.php\/wp-json\/wp\/v2\/types\/page"}],"author":[{"embeddable":true,"href":"https:\/\/bitlisyildizotoekspertiz.com\/index.php\/wp-json\/wp\/v2\/users\/1"}],"replies":[{"embeddable":true,"href":"https:\/\/bitlisyildizotoekspertiz.com\/index.php\/wp-json\/wp\/v2\/comments?post=5732"}],"version-history":[{"count":8,"href":"https:\/\/bitlisyildizotoekspertiz.com\/index.php\/wp-json\/wp\/v2\/pages\/5732\/revisions"}],"predecessor-version":[{"id":5904,"href":"https:\/\/bitlisyildizotoekspertiz.com\/index.php\/wp-json\/wp\/v2\/pages\/5732\/revisions\/5904"}],"wp:attachment":[{"href":"https:\/\/bitlisyildizotoekspertiz.com\/index.php\/wp-json\/wp\/v2\/media?parent=5732"}],"curies":[{"name":"wp","href":"https:\/\/api.w.org\/{rel}","templated":true}]}}