{"id":4990,"date":"2025-03-04T05:36:29","date_gmt":"2025-03-04T05:36:29","guid":{"rendered":"https:\/\/wordpress.themeholy.com\/kars\/?page_id=4990"},"modified":"2025-08-27T18:24:02","modified_gmt":"2025-08-27T15:24:02","slug":"contact-us","status":"publish","type":"page","link":"https:\/\/bitlisyildizotoekspertiz.com\/index.php\/contact-us\/","title":{"rendered":"Bize Ula\u015f\u0131n"},"content":{"rendered":"\t\t<div data-elementor-type=\"wp-page\" data-elementor-id=\"4990\" class=\"elementor elementor-4990\" data-elementor-post-type=\"page\">\n\t\t\t\t<div class=\"elementor-element elementor-element-caa7942 e-flex e-con-boxed e-con e-parent\" data-id=\"caa7942\" data-element_type=\"container\">\n\t\t\t\t\t<div class=\"e-con-inner\">\n\t\t\r\n\r\n\t\t<div class=\"elementor-element elementor-element-3b36c65 elementor-widget elementor-widget-karssectiontitle\" data-id=\"3b36c65\" data-element_type=\"widget\" data-widget_type=\"karssectiontitle.default\">\n\t\t\t\t<div class=\"elementor-widget-container\">\n\t\t\t\t\t\t\t<div class=\"title-area text-center \">\r\n\t\t\t<h2 class=\"sec-title \">YILDIZ OTO EKSPERT\u0130ZE\nHO\u015eGELD\u0130N\u0130Z<\/h2>\t\t<\/div>\r\n\r\n\t\t\t\t\t<\/div>\n\t\t\t\t<\/div>\n\t\t\t\t<div class=\"elementor-element elementor-element-e8fce3f elementor-widget elementor-widget-karscontactinfo\" data-id=\"e8fce3f\" data-element_type=\"widget\" data-widget_type=\"karscontactinfo.default\">\n\t\t\t\t<div class=\"elementor-widget-container\">\n\t\t\t\t\t<div class=\"row gy-4 justify-content-center\"><div class=\"col-xl-4 col-lg-6 contact-feature-wrap\"><div class=\"contact-feature\"><div class=\"contact-feature-icon\"><i class=\"fa-sharp fa-regular fa-location-dot\"><\/i><\/div><div class=\"media-body\"><p class=\"contact-feature_label title\">Adres<\/p><p>Be\u015fminare Mahallesi Ahmet Eren Bulvar\u0131 223 - B Bitlis\/Merkez<\/p><\/div><\/div><\/div><div class=\"col-xl-4 col-lg-6 contact-feature-wrap\"><div class=\"contact-feature\"><div class=\"contact-feature-icon\"><i class=\"fa-regular fa-phone\"><\/i><\/div><div class=\"media-body\"><p class=\"contact-feature_label title\">Ula\u015f\u0131m<\/p><p><a class=\"contact-feature_link\" href=\"tel:+163217322978\">Telefon: <\/a><a class=\"cta-btn\" href=\"tel:+905307268413\">0530 726 84 13 <\/a><a class=\"contact-feature_link\" href=\"mailto:Omeryld80@gmail.com\">Email:<\/a><a class=\"contact-feature_link\" href=\"mailto:Omeryld80@gmail.com\">Omeryld80@gmail.com<\/a><\/p><\/div><\/div><\/div><div class=\"col-xl-4 col-lg-6 contact-feature-wrap\"><div class=\"contact-feature\"><div class=\"contact-feature-icon\"><i class=\"fa-regular fa-clock\"><\/i><\/div><div class=\"media-body\"><p class=\"contact-feature_label title\">\u00c7al\u0131\u015fma Saatleri<\/p><p><span class=\"contact-feature_link\">Pazartesi - Cumartesi: 9:00 - 20:00<\/span> <span class=\"contact-feature_link\">Pazar: 11:00 - 17:00<\/span><\/p><\/div><\/div><\/div><\/div>\t\t\t\t<\/div>\n\t\t\t\t<\/div>\n\t\t\t\t<div class=\"elementor-element elementor-element-7516941 elementor-widget elementor-widget-spacer\" data-id=\"7516941\" data-element_type=\"widget\" data-widget_type=\"spacer.default\">\n\t\t\t\t\t\t\t<div class=\"elementor-spacer\">\n\t\t\t<div class=\"elementor-spacer-inner\"><\/div>\n\t\t<\/div>\n\t\t\t\t\t\t<\/div>\n\t\t\t\t\t<\/div>\n\t\t\t\t<\/div>\n\t\t<div class=\"elementor-element elementor-element-31a4fba e-con-full e-flex e-con e-parent\" data-id=\"31a4fba\" data-element_type=\"container\">\n\t\t\t\t<div class=\"elementor-element elementor-element-8b9f0f2 elementor-widget elementor-widget-google_maps\" data-id=\"8b9f0f2\" data-element_type=\"widget\" data-widget_type=\"google_maps.default\">\n\t\t\t\t\t\t\t<div class=\"elementor-custom-embed\">\n\t\t\t<iframe loading=\"lazy\"\n\t\t\t\t\tsrc=\"https:\/\/maps.google.com\/maps?q=Bitlis%20oto%20ekspertiz%20YILDIZ%20OTO%20EKSPERT%C4%B0Z%2C%20Be%C5%9F%20Minare%2C%20ahmet%20eren%20bulvar%C4%B1%20c%20blok%20no223b%2C%2013000%20Bitlis%20Merkez%2FBitlis&#038;t=m&#038;z=15&#038;output=embed&#038;iwloc=near\"\n\t\t\t\t\ttitle=\"Bitlis oto ekspertiz YILDIZ OTO EKSPERT\u0130Z, Be\u015f Minare, ahmet eren bulvar\u0131 c blok no223b, 13000 Bitlis Merkez\/Bitlis\"\n\t\t\t\t\taria-label=\"Bitlis oto ekspertiz YILDIZ OTO EKSPERT\u0130Z, Be\u015f Minare, ahmet eren bulvar\u0131 c blok no223b, 13000 Bitlis Merkez\/Bitlis\"\n\t\t\t><\/iframe>\n\t\t<\/div>\n\t\t\t\t\t\t<\/div>\n\t\t\t\t<\/div>\n\t\t\t\t<\/div>\n\t\t","protected":false},"excerpt":{"rendered":"<p>YILDIZ OTO EKSPERT\u0130ZE HO\u015eGELD\u0130N\u0130Z Adres Be\u015fminare Mahallesi Ahmet Eren Bulvar\u0131 223 &#8211; B Bitlis\/Merkez Ula\u015f\u0131m Telefon: 0530 726 84 13 Email:Omeryld80@gmail.com \u00c7al\u0131\u015fma Saatleri Pazartesi &#8211; Cumartesi: 9:00 &#8211; 20:00 Pazar: 11:00 &#8211; 17:00<\/p>\n","protected":false},"author":1,"featured_media":0,"parent":0,"menu_order":0,"comment_status":"closed","ping_status":"closed","template":"template-builder.php","meta":{"footnotes":""},"class_list":["post-4990","page","type-page","status-publish","hentry"],"_links":{"self":[{"href":"https:\/\/bitlisyildizotoekspertiz.com\/index.php\/wp-json\/wp\/v2\/pages\/4990","targetHints":{"allow":["GET"]}}],"collection":[{"href":"https:\/\/bitlisyildizotoekspertiz.com\/index.php\/wp-json\/wp\/v2\/pages"}],"about":[{"href":"https:\/\/bitlisyildizotoekspertiz.com\/index.php\/wp-json\/wp\/v2\/types\/page"}],"author":[{"embeddable":true,"href":"https:\/\/bitlisyildizotoekspertiz.com\/index.php\/wp-json\/wp\/v2\/users\/1"}],"replies":[{"embeddable":true,"href":"https:\/\/bitlisyildizotoekspertiz.com\/index.php\/wp-json\/wp\/v2\/comments?post=4990"}],"version-history":[{"count":15,"href":"https:\/\/bitlisyildizotoekspertiz.com\/index.php\/wp-json\/wp\/v2\/pages\/4990\/revisions"}],"predecessor-version":[{"id":5962,"href":"https:\/\/bitlisyildizotoekspertiz.com\/index.php\/wp-json\/wp\/v2\/pages\/4990\/revisions\/5962"}],"wp:attachment":[{"href":"https:\/\/bitlisyildizotoekspertiz.com\/index.php\/wp-json\/wp\/v2\/media?parent=4990"}],"curies":[{"name":"wp","href":"https:\/\/api.w.org\/{rel}","templated":true}]}}