{"id":4700,"date":"2025-03-03T05:10:29","date_gmt":"2025-03-03T05:10:29","guid":{"rendered":"https:\/\/wordpress.themeholy.com\/kars\/?page_id=4700"},"modified":"2025-08-27T18:27:17","modified_gmt":"2025-08-27T15:27:17","slug":"about-us","status":"publish","type":"page","link":"https:\/\/bitlisyildizotoekspertiz.com\/index.php\/about-us\/","title":{"rendered":"Hakk\u0131m\u0131zda"},"content":{"rendered":"\t\t<div data-elementor-type=\"wp-page\" data-elementor-id=\"4700\" class=\"elementor elementor-4700\" data-elementor-post-type=\"page\">\n\t\t\t\t<div class=\"elementor-element elementor-element-fb26b74 e-flex e-con-boxed e-con e-parent\" data-id=\"fb26b74\" data-element_type=\"container\">\n\t\t\t\t\t<div class=\"e-con-inner\">\n\t\t<div class=\"elementor-element elementor-element-f4cf653 e-con-full e-flex e-con e-child\" data-id=\"f4cf653\" data-element_type=\"container\">\n\t\t\r\n\r\n\t\t<div class=\"elementor-element elementor-element-b841fe2 elementor-widget elementor-widget-karsimage\" data-id=\"b841fe2\" data-element_type=\"widget\" data-widget_type=\"karsimage.default\">\n\t\t\t\t<div class=\"elementor-widget-container\">\n\t\t\t\t\t<div class=\"img-box1 about-2\"><div class=\"img1\"><img decoding=\"async\" src=\"https:\/\/bitlisyildizotoekspertiz.com\/wp-content\/uploads\/2025\/08\/Adsiz-tasarim-3.png\" alt=\"Adsiz tasarim 3\"  class=\"tilt-active\" \/><\/div><div class=\"img2\"><img decoding=\"async\" src=\"https:\/\/bitlisyildizotoekspertiz.com\/wp-content\/uploads\/2025\/08\/Adsiz-tasarim-1.png\" alt=\"Adsiz tasarim 1\"  class=\"tilt-active\" \/><\/div><\/div>\t\t\t\t<\/div>\n\t\t\t\t<\/div>\n\t\t\t\t<\/div>\n\t\t<div class=\"elementor-element elementor-element-92071de e-con-full e-flex e-con e-child\" data-id=\"92071de\" data-element_type=\"container\">\n\t\t\t\t<div class=\"elementor-element elementor-element-f8df941 elementor-widget__width-inherit elementor-widget-tablet__width-inherit elementor-widget elementor-widget-karssectiontitle\" data-id=\"f8df941\" data-element_type=\"widget\" data-widget_type=\"karssectiontitle.default\">\n\t\t\t\t<div class=\"elementor-widget-container\">\n\t\t\t\t\t\t\t<div class=\"title-area text-left \">\r\n\t\t\t<span class=\"sub-title style-2 \">Y\u0131ld\u0131z Ekspertize Ho\u015fgeldiniz<\/span><h2 class=\"sec-title \">G\u00fcvencenin , Kaliteli Bak\u0131m\u0131n Adresi<\/h2><p><p class=\"sec-text\">\n  Y\u0131ld\u0131z Ekspertiz\u2019in \u00e7ok markal\u0131 ekspertiz program\u0131 sayesinde, arac\u0131n\u0131z\u0131 markas\u0131 ve modeli fark etmeksizin \n  getirebilir ve arac\u0131n\u0131z i\u00e7in <strong>rekabet\u00e7i ve adil bir de\u011fer<\/strong> \u00f6\u011frenebilirsiniz. \n  B\u00f6ylece arac\u0131n\u0131z\u0131 yenilemek ya da satmak art\u0131k \u00e7ok daha kolay ve g\u00fcvenilir hale gelir.\n<\/p>\n<p class=\"sec-text\">\n  Ayr\u0131ca sizlere <strong>esnek \u00f6deme planlar\u0131<\/strong> sunuyor, farkl\u0131 b\u00fct\u00e7elere uygun \n  \u00e7\u00f6z\u00fcmler geli\u015ftiriyoruz. Kredi profili farkl\u0131 olan m\u00fc\u015fterilerimiz i\u00e7in de \n  <strong>ki\u015fiye \u00f6zel alternatifler<\/strong> \u00fcreterek g\u00fcvenli ve h\u0131zl\u0131 bir ekspertiz deneyimi sa\u011fl\u0131yoruz.\n<\/p><\/p>\t\t<\/div>\r\n\r\n\t\t\t\t\t<\/div>\n\t\t\t\t<\/div>\n\t\t\t\t<div class=\"elementor-element elementor-element-3f911e5 elementor-widget elementor-widget-text-editor\" data-id=\"3f911e5\" data-element_type=\"widget\" data-widget_type=\"text-editor.default\">\n\t\t\t\t\t\t\t\t\t<div class=\"client-bottom-wrap\"><div class=\"client-wrap\"><div class=\"thumb\">\u00a0<\/div><div class=\"text-wrap\"><h4 class=\"box-title\">\u00d6mer Y\u0131ld\u0131z\u00a0<\/h4><p>CEO, Y\u0131ld\u0131z Ekspertiz Kurucusu<\/p><\/div><\/div><div class=\"sing-thumb\">\u00a0<\/div><\/div>\t\t\t\t\t\t\t\t<\/div>\n\t\t\t\t<\/div>\n\t\t\t\t\t<\/div>\n\t\t\t\t<\/div>\n\t\t<div class=\"elementor-element elementor-element-b02af3e e-flex e-con-boxed e-con e-parent\" data-id=\"b02af3e\" data-element_type=\"container\">\n\t\t\t\t\t<div class=\"e-con-inner\">\n\t\t<div class=\"elementor-element elementor-element-8fd5e42 e-con-full elementor-hidden-tablet elementor-hidden-mobile e-flex e-con e-child\" data-id=\"8fd5e42\" data-element_type=\"container\">\n\t\t\t\t<\/div>\n\t\t<div class=\"elementor-element elementor-element-af7d618 e-con-full e-flex e-con e-child\" data-id=\"af7d618\" data-element_type=\"container\">\n\t\t\t\t<div class=\"elementor-element elementor-element-4ace215 elementor-widget elementor-widget-karscounterup\" data-id=\"4ace215\" data-element_type=\"widget\" data-widget_type=\"karscounterup.default\">\n\t\t\t\t<div class=\"elementor-widget-container\">\n\t\t\t\t\t<div class=\"counter-card-wrap style-2-inner\"><div class=\"counter-card\"><div class=\"box-icon\"><img decoding=\"async\" src=\"https:\/\/wordpress.themeholy.com\/kars\/wp-content\/uploads\/2025\/03\/counter_1.1_2.svg\" alt=\"counter_1.1_2\"  \/><\/div><div class=\"media-body\"><h4 class=\"box-number\"><span class=\"counter-number\"> 15  <\/span><span class=\"plus-simple\">+<\/span><\/h4><p class=\"box-text\">Kapazitemiz<\/p><\/div><\/div><div class=\"counter-card\"><div class=\"box-icon\"><img decoding=\"async\" src=\"https:\/\/wordpress.themeholy.com\/kars\/wp-content\/uploads\/2025\/03\/counter_1.1_3.svg\" alt=\"counter_1.1_3\"  \/><\/div><div class=\"media-body\"><h4 class=\"box-number\"><span class=\"counter-number\"> 4 <\/span><span class=\"plus-simple\">+<\/span><\/h4><p class=\"box-text\">Profesiyonel Ekibimiz<\/p><\/div><\/div><div class=\"counter-card\"><div class=\"box-icon\"><img decoding=\"async\" src=\"https:\/\/wordpress.themeholy.com\/kars\/wp-content\/uploads\/2025\/03\/counter_1.1_2.svg\" alt=\"counter_1.1_2\"  \/><\/div><div class=\"media-body\"><h4 class=\"box-number\"><span class=\"counter-number\"> 1 <\/span><span class=\"plus-simple\">+<\/span><\/h4><p class=\"box-text\">Eksperlerimiz<\/p><\/div><\/div><\/div>\t\t\t\t<\/div>\n\t\t\t\t<\/div>\n\t\t\t\t<\/div>\n\t\t\t\t\t<\/div>\n\t\t\t\t<\/div>\n\t\t<div class=\"elementor-element elementor-element-2287c5a e-flex e-con-boxed e-con e-parent\" data-id=\"2287c5a\" data-element_type=\"container\">\n\t\t\t\t\t<div class=\"e-con-inner\">\n\t\t\t\t<div class=\"elementor-element elementor-element-31521e4 elementor-widget__width-initial elementor-widget-tablet__width-inherit elementor-widget elementor-widget-karssectiontitle\" data-id=\"31521e4\" data-element_type=\"widget\" data-widget_type=\"karssectiontitle.default\">\n\t\t\t\t<div class=\"elementor-widget-container\">\n\t\t\t\t\t\t\t<div class=\"title-area text-center \">\r\n\t\t\t<h2 class=\"sec-title \">Neden Bizi Se\u00e7melisiniz<\/h2><p>Y\u0131ld\u0131z Ekspertiz olarak arac\u0131n\u0131za 100% g\u00fcvenle yakla\u015f\u0131yor, kaliteli ve kapsaml\u0131 bak\u0131m-test hizmeti sunuyoruz. Her detay titizlikle kontrol edilir, siz daima emin ellerdesiniz.<\/p>\t\t<\/div>\r\n\r\n\t\t\t\t\t<\/div>\n\t\t\t\t<\/div>\n\t\t\t\t<div class=\"elementor-element elementor-element-281c767 elementor-widget__width-inherit elementor-widget elementor-widget-karsfeatures\" data-id=\"281c767\" data-element_type=\"widget\" data-widget_type=\"karsfeatures.default\">\n\t\t\t\t<div class=\"elementor-widget-container\">\n\t\t\t\t\t<div class=\"row gy-30 align-items-center\"><div class=\"col-lg-6 col-xl-3\"><div class=\"why-card-2\"><div class=\"box-icon\"><img decoding=\"async\" src=\"https:\/\/wordpress.themeholy.com\/kars\/wp-content\/uploads\/2025\/01\/why_card_2_1.svg\" alt=\"why_card_2_1\"  \/><\/div><div class=\"box-content\"><h3 class=\"box-title\">Kampanyalar<\/h3><p class=\"box-text\">Her ay \u00f6zel kampanyalar\u0131m\u0131zla avantajl\u0131 f\u0131rsatlar sizi bekliyor. Herkes i\u00e7in uygun fiyatlarla, g\u00fcvenli ve kaliteli ara\u00e7 ekspertizi sunuyoruz. <\/p><\/div><\/div><\/div><div class=\"col-lg-6 col-xl-3\"><div class=\"why-card-2\"><div class=\"box-icon\"><img decoding=\"async\" src=\"https:\/\/wordpress.themeholy.com\/kars\/wp-content\/uploads\/2025\/01\/why_card_2_2.svg\" alt=\"why_card_2_2\"  \/><\/div><div class=\"box-content\"><h3 class=\"box-title\">G\u00fcvenirillik<\/h3><p class=\"box-text\">Arac\u0131n\u0131z\u0131n her detay\u0131n\u0131 titizlikle kontrol ediyor, \u015feffaf ve g\u00fcvenilir ekspertiz hizmeti sunuyoruz. Siz daima emin ellerdesiniz.\nY\u0131ld\u0131z Oto Ekspertizle.<\/p><\/div><\/div><\/div><div class=\"col-lg-6 col-xl-3\"><div class=\"why-card-2\"><div class=\"box-icon\"><img decoding=\"async\" src=\"https:\/\/wordpress.themeholy.com\/kars\/wp-content\/uploads\/2025\/01\/why_card_2_3.svg\" alt=\"why_card_2_3\"  \/><\/div><div class=\"box-content\"><h3 class=\"box-title\">Sertifikalar<\/h3><p class=\"box-text\">Y\u0131ld\u0131z Ekspertiz olarak t\u00fcm i\u015flemlerimiz sertifikal\u0131 uzmanlar\u0131m\u0131z taraf\u0131ndan yap\u0131l\u0131r. Kalite ve g\u00fcvenceyi her ad\u0131mda garanti ediyoruz.<\/p><\/div><\/div><\/div><div class=\"col-lg-6 col-xl-3\"><div class=\"why-card-2\"><div class=\"box-icon\"><img decoding=\"async\" src=\"https:\/\/wordpress.themeholy.com\/kars\/wp-content\/uploads\/2025\/01\/why_card_2_4.svg\" alt=\"why_card_2_4\"  \/><\/div><div class=\"box-content\"><h3 class=\"box-title\">Profesiyonel Ekip<\/h3><p class=\"box-text\">Y\u0131ld\u0131z Ekspertiz\u2019de deneyimli ve profesyonel ekibimiz, her arac\u0131 titizlikle kontrol eder. Kalite ve g\u00fcvence her zaman \u00f6nceli\u011fimizdir.<\/p><\/div><\/div><\/div><\/div>\t\t\t\t<\/div>\n\t\t\t\t<\/div>\n\t\t\t\t\t<\/div>\n\t\t\t\t<\/div>\n\t\t<div class=\"elementor-element elementor-element-f724ee6 e-con-full e-flex e-con e-parent\" data-id=\"f724ee6\" data-element_type=\"container\">\n\t\t\t\t<div class=\"elementor-element elementor-element-cfa5e9a elementor-widget elementor-widget-karsvideo\" data-id=\"cfa5e9a\" data-element_type=\"widget\" data-widget_type=\"karsvideo.default\">\n\t\t\t\t<div class=\"elementor-widget-container\">\n\t\t\t\t\t<div class=\"video-section\"><div class=\"container-fluid video-bg-2-wrap\" data-bg-src=\"https:\/\/bitlisyildizotoekspertiz.com\/wp-content\/uploads\/2025\/08\/MAMI2119-scaled.jpg\" data-overlay=\"black\" data-opacity=\"4\"><div class=\"video-box1 style-2\"><div class=\"video-wrapper\"><a href=\"https:\/\/www.youtube.com\/watch?v=_sI_Ps7JSEk\" class=\"play-btn popup-video\"><i class=\"fa-sharp fa-solid fa-play\"><\/i><\/a><div class=\"vide-text-wrap\"><span class=\"logo-animation\">Y\u0131ld\u0131z Oto Y\u0131ld\u0131z Oto Oto<\/span><\/div><\/div><\/div><\/div><\/div>\t\t\t\t<\/div>\n\t\t\t\t<\/div>\n\t\t\t\t<\/div>\n\t\t<div class=\"elementor-element elementor-element-7e05756 e-flex e-con-boxed e-con e-parent\" data-id=\"7e05756\" data-element_type=\"container\" data-settings=\"{&quot;background_background&quot;:&quot;classic&quot;}\">\n\t\t\t\t\t<div class=\"e-con-inner\">\n\t\t<div class=\"elementor-element elementor-element-31a2d81 e-con-full e-flex e-con e-child\" data-id=\"31a2d81\" data-element_type=\"container\">\n\t\t\t\t<div class=\"elementor-element elementor-element-e4cfea1 elementor-widget__width-inherit elementor-widget-tablet__width-inherit elementor-widget elementor-widget-karssectiontitle\" data-id=\"e4cfea1\" data-element_type=\"widget\" data-widget_type=\"karssectiontitle.default\">\n\t\t\t\t<div class=\"elementor-widget-container\">\n\t\t\t\t\t\t\t<div class=\"title-area text-center \">\r\n\t\t\t<h2 class=\"sec-title \">Geri D\u00f6n\u00fc\u015flerinizi Bekliyoruz !<\/h2><p>Bir\u00e7ok bayi gibi biz de, alan\u0131nda uzman ve sertifikal\u0131 teknisyenlerden olu\u015fan deneyimli servis ekibimizle hizmet veriyoruz. Y\u0131ld\u0131z Oto Ekspertiz olarak arac\u0131n\u0131z\u0131n bak\u0131m ve onar\u0131m s\u00fcre\u00e7lerini titizlikle y\u00fcr\u00fct\u00fcyor, her detay\u0131n \u00fczerinde \u00f6zenle duruyoruz. Ya\u011f de\u011fi\u015fimi, lastik rotasyonu, fren kontrolleri, motor ve elektronik sistem kontrolleri, ak\u00fc ve s\u00fcspansiyon kontrolleri gibi t\u00fcm \u00f6nemli hizmetlerimizi en y\u00fcksek kalite standartlar\u0131nda ger\u00e7ekle\u015ftiriyoruz. Arac\u0131n\u0131z\u0131n g\u00fcvenli\u011fi ve performans\u0131 bizim i\u00e7in en \u00f6ncelikli konudur; bu nedenle her ara\u00e7 i\u00e7in \u00f6zel bir kontrol plan\u0131 olu\u015fturuyor ve arac\u0131n\u0131z\u0131n t\u00fcm mekanik ve elektronik sistemlerini ayr\u0131nt\u0131l\u0131 bir \u015fekilde inceliyoruz.\n\nAyr\u0131ca, arac\u0131n\u0131z\u0131n uzun \u00f6m\u00fcrl\u00fc olmas\u0131n\u0131 sa\u011flamak ve olas\u0131 sorunlar\u0131 \u00f6nceden tespit etmek i\u00e7in periyodik bak\u0131m ve detayl\u0131 ekspertiz raporlar\u0131 sunuyoruz. M\u00fc\u015fterilerimizin ara\u00e7lar\u0131yla ilgili her t\u00fcrl\u00fc sorusunu yan\u0131tl\u0131yor, bak\u0131m s\u00fcrecinde \u015feffaf ve g\u00fcvenilir bir ileti\u015fim sa\u011fl\u0131yoruz. Her i\u015flemimiz kay\u0131t alt\u0131na al\u0131narak, sizlere detayl\u0131 ve anla\u015f\u0131l\u0131r bir raporla sunulmaktad\u0131r.\n\nM\u00fc\u015fteri memnuniyetini \u00f6nceli\u011fimiz olarak g\u00f6r\u00fcyor, siz de\u011ferli ara\u00e7 sahiplerinin geri d\u00f6n\u00fc\u015flerini ve yorumlar\u0131n\u0131 bekliyoruz. Y\u0131ld\u0131z Oto Ekspertiz sayesinde arac\u0131n\u0131z\u0131n her zaman emin ellerde oldu\u011funu bilmenin rahatl\u0131\u011f\u0131n\u0131 ya\u015fayacak ve yolculuklar\u0131n\u0131zda g\u00fcvenle ilerleyeceksiniz.<\/p>\t\t<\/div>\r\n\r\n\t\t\t\t\t<\/div>\n\t\t\t\t<\/div>\n\t\t\t\t<\/div>\n\t\t<div class=\"elementor-element elementor-element-4e4d215 e-con-full e-flex e-con e-child\" data-id=\"4e4d215\" data-element_type=\"container\">\n\t\t\t\t<div class=\"elementor-element elementor-element-d54ede9 elementor-widget elementor-widget-karsshapeimage\" data-id=\"d54ede9\" data-element_type=\"widget\" data-widget_type=\"karsshapeimage.default\">\n\t\t\t\t<div class=\"elementor-widget-container\">\n\t\t\t\t\t<!-- Image --><div class=\"shape-mockup moving d-xl-block d-md-block\"><img decoding=\"async\" class=\"\" src=\"https:\/\/wordpress.themeholy.com\/kars\/wp-content\/uploads\/2025\/03\/contact-box-3-top.png\" alt=\"Shape Image\" ><\/div><!-- End Image -->\t\t\t\t<\/div>\n\t\t\t\t<\/div>\n\t\t\t\t<div class=\"elementor-element elementor-element-48810fa elementor-widget-tablet__width-inherit elementor-widget elementor-widget-karssectiontitle\" data-id=\"48810fa\" data-element_type=\"widget\" data-widget_type=\"karssectiontitle.default\">\n\t\t\t\t<div class=\"elementor-widget-container\">\n\t\t\t\t\t\t\t<div class=\"title-area text-left \">\r\n\t\t\t<h2 class=\"sec-title \">Biz Her T\u00fcrl\u00fc Arac\u0131n Kaliteli Bi\u00e7imde Testini Yapar\u0131z<\/h2><p>Kaliteli , G\u00fcvenilir ve Profesiyonel<\/p>\t\t<\/div>\r\n\r\n\t\t\t\t\t<\/div>\n\t\t\t\t<\/div>\n\t\t\t\t<div class=\"elementor-element elementor-element-148cb91 elementor-widget elementor-widget-image\" data-id=\"148cb91\" data-element_type=\"widget\" data-widget_type=\"image.default\">\n\t\t\t\t\t\t\t\t\t\t\t\t\t\t\t<img fetchpriority=\"high\" decoding=\"async\" width=\"680\" height=\"237\" src=\"https:\/\/bitlisyildizotoekspertiz.com\/wp-content\/uploads\/2025\/02\/contact-3-1.png\" class=\"attachment-full size-full wp-image-4016\" alt=\"\" srcset=\"https:\/\/bitlisyildizotoekspertiz.com\/wp-content\/uploads\/2025\/02\/contact-3-1.png 680w, https:\/\/bitlisyildizotoekspertiz.com\/wp-content\/uploads\/2025\/02\/contact-3-1-600x209.png 600w, https:\/\/bitlisyildizotoekspertiz.com\/wp-content\/uploads\/2025\/02\/contact-3-1-300x105.png 300w\" sizes=\"(max-width: 680px) 100vw, 680px\" \/>\t\t\t\t\t\t\t\t\t\t\t\t\t\t\t<\/div>\n\t\t\t\t<\/div>\n\t\t\t\t\t<\/div>\n\t\t\t\t<\/div>\n\t\t<div class=\"elementor-element elementor-element-0e02beb arrow-wrap e-con-full e-flex e-con e-parent\" data-id=\"0e02beb\" data-element_type=\"container\" data-settings=\"{&quot;background_background&quot;:&quot;classic&quot;}\">\n\t\t\t\t<div class=\"elementor-element elementor-element-554fcaf elementor-widget__width-inherit elementor-widget elementor-widget-html\" data-id=\"554fcaf\" data-element_type=\"widget\" data-widget_type=\"html.default\">\n\t\t\t\t\t<div class=\"feedback-section\">\r\n  <h2>Tekrar G\u00f6r\u00fc\u015fmek \u00dczere<\/h2>\r\n  <p>G\u00f6r\u00fc\u015flerinizi Bildirin<\/p>\r\n  <textarea id=\"feedback-message\" placeholder=\"Mesaj\u0131n\u0131z\u0131 buraya yaz\u0131n...\"><\/textarea>\r\n  <button onclick=\"sendFeedback()\">G\u00f6nder \u2192<\/button>\r\n<\/div>\r\n\r\n<style>\r\n  .feedback-section {\r\n    background: #000;\r\n    color: #fff;\r\n    padding: 30px;\r\n    border-radius: 15px;\r\n    text-align: center;\r\n    max-width: 800px;\r\n    margin: auto;\r\n    box-shadow: 0 0 15px rgba(255,0,0,0.3);\r\n  }\r\n\r\n  .feedback-section h2 {\r\n    font-size: 24px;\r\n    margin-bottom: 10px;\r\n    color: #fff;\r\n  }\r\n\r\n  .feedback-section p {\r\n    font-size: 16px;\r\n    margin-bottom: 15px;\r\n    color: #bbb;\r\n  }\r\n\r\n  .feedback-section textarea {\r\n    width: 100%;\r\n    height: 120px;\r\n    padding: 10px;\r\n    border-radius: 10px;\r\n    border: none;\r\n    resize: none;\r\n    outline: none;\r\n    font-size: 14px;\r\n    margin-bottom: 20px;\r\n    background: #fff;   \/* beyaz arka plan *\/\r\n    color: #000;        \/* siyah yaz\u0131 *\/\r\n  }\r\n\r\n  .feedback-section textarea::placeholder {\r\n    color: #666; \/* placeholder rengi *\/\r\n  }\r\n\r\n  .feedback-section button {\r\n    background: #e50914;\r\n    color: #fff;\r\n    border: none;\r\n    padding: 12px 25px;\r\n    font-size: 16px;\r\n    border-radius: 10px;\r\n    cursor: pointer;\r\n    transition: 0.3s;\r\n  }\r\n\r\n  .feedback-section button:hover {\r\n    background: #ff1e27;\r\n    box-shadow: 0 0 15px rgba(255,0,0,0.5);\r\n  }\r\n\r\n  \/* Responsive *\/\r\n  @media (max-width: 600px) {\r\n    .feedback-section {\r\n      padding: 20px;\r\n    }\r\n\r\n    .feedback-section h2 {\r\n      font-size: 20px;\r\n    }\r\n\r\n    .feedback-section p {\r\n      font-size: 14px;\r\n    }\r\n\r\n    .feedback-section textarea {\r\n      height: 100px;\r\n      font-size: 13px;\r\n    }\r\n\r\n    .feedback-section button {\r\n      width: 100%;\r\n      font-size: 15px;\r\n      padding: 12px;\r\n    }\r\n  }\r\n<\/style>\r\n\r\n<script>\r\n  function sendFeedback() {\r\n    let message = document.getElementById(\"feedback-message\").value;\r\n    if(message.trim() === \"\"){\r\n      alert(\"L\u00fctfen bir mesaj yaz\u0131n.\");\r\n      return;\r\n    }\r\n    window.location.href = \"mailto:Omeryld80@gmail.com?subject=G\u00f6r\u00fc\u015f&body=\" + encodeURIComponent(message);\r\n  }\r\n<\/script>\r\n\t\t\t\t<\/div>\n\t\t\t\t<\/div>\n\t\t\t\t<\/div>\n\t\t","protected":false},"excerpt":{"rendered":"<p>Y\u0131ld\u0131z Ekspertize Ho\u015fgeldiniz G\u00fcvencenin , Kaliteli Bak\u0131m\u0131n Adresi Y\u0131ld\u0131z Ekspertiz\u2019in \u00e7ok markal\u0131 ekspertiz program\u0131 sayesinde, arac\u0131n\u0131z\u0131 markas\u0131 ve modeli fark etmeksizin getirebilir ve arac\u0131n\u0131z i\u00e7in rekabet\u00e7i ve adil bir de\u011fer \u00f6\u011frenebilirsiniz. B\u00f6ylece arac\u0131n\u0131z\u0131 yenilemek ya da satmak art\u0131k \u00e7ok daha kolay ve g\u00fcvenilir hale gelir. Ayr\u0131ca sizlere esnek \u00f6deme planlar\u0131 sunuyor, farkl\u0131 b\u00fct\u00e7elere uygun \u00e7\u00f6z\u00fcmler&#8230;<\/p>\n","protected":false},"author":1,"featured_media":0,"parent":0,"menu_order":0,"comment_status":"closed","ping_status":"closed","template":"template-builder.php","meta":{"footnotes":""},"class_list":["post-4700","page","type-page","status-publish","hentry"],"_links":{"self":[{"href":"https:\/\/bitlisyildizotoekspertiz.com\/index.php\/wp-json\/wp\/v2\/pages\/4700","targetHints":{"allow":["GET"]}}],"collection":[{"href":"https:\/\/bitlisyildizotoekspertiz.com\/index.php\/wp-json\/wp\/v2\/pages"}],"about":[{"href":"https:\/\/bitlisyildizotoekspertiz.com\/index.php\/wp-json\/wp\/v2\/types\/page"}],"author":[{"embeddable":true,"href":"https:\/\/bitlisyildizotoekspertiz.com\/index.php\/wp-json\/wp\/v2\/users\/1"}],"replies":[{"embeddable":true,"href":"https:\/\/bitlisyildizotoekspertiz.com\/index.php\/wp-json\/wp\/v2\/comments?post=4700"}],"version-history":[{"count":20,"href":"https:\/\/bitlisyildizotoekspertiz.com\/index.php\/wp-json\/wp\/v2\/pages\/4700\/revisions"}],"predecessor-version":[{"id":5968,"href":"https:\/\/bitlisyildizotoekspertiz.com\/index.php\/wp-json\/wp\/v2\/pages\/4700\/revisions\/5968"}],"wp:attachment":[{"href":"https:\/\/bitlisyildizotoekspertiz.com\/index.php\/wp-json\/wp\/v2\/media?parent=4700"}],"curies":[{"name":"wp","href":"https:\/\/api.w.org\/{rel}","templated":true}]}}